{"id":1573,"date":"2025-04-03T12:12:49","date_gmt":"2025-04-03T12:12:49","guid":{"rendered":"https:\/\/packoala.com\/?post_type=product&#038;p=1573"},"modified":"2025-09-11T11:43:08","modified_gmt":"2025-09-11T11:43:08","slug":"animal-poop-bag-50-pcs","status":"publish","type":"product","link":"https:\/\/packoala.com\/tr\/urun\/hayvan-kakasi-torbasi-50-adet\/","title":{"rendered":"Hayvan Kaka Torbas\u0131 (50 adet)"},"content":{"rendered":"<div data-elementor-type=\"wp-post\" data-elementor-id=\"1573\" class=\"elementor elementor-1573\" data-elementor-post-type=\"product\">\n\t\t\t\t<div class=\"wd-negative-gap elementor-element elementor-element-7e1822a e-flex e-con-boxed e-con e-parent\" data-id=\"7e1822a\" data-element_type=\"container\">\n\t\t\t\t\t<div class=\"e-con-inner\">\n\t\t\t\t<div class=\"elementor-element elementor-element-c626732 wd-width-100 elementor-widget elementor-widget-wd_images_gallery\" data-id=\"c626732\" data-element_type=\"widget\" data-widget_type=\"wd_images_gallery.default\">\n\t\t\t\t<div class=\"elementor-widget-container\">\n\t\t\t\t\t\t\t<div class=\"wd-images-gallery photoswipe-images wd-carousel-container\" style=\"--wd-align-items:center; --wd-justify-content:center;\">\n\t\t\t\t\t\t\t<div class=\"wd-carousel-inner\">\n\t\t\t\t\t\t<div class=\"wd-carousel wd-grid\" data-scroll_per_page=\"yes\" style=\"--wd-col-lg:3;--wd-col-md:3;--wd-col-sm:1;--wd-gap-lg:10px;\">\n\t\t\t\t\t\t\t\t\t<div class=\"wd-carousel-wrap\">\n\t\t\t\t\t\t\t\t\t\t\t\t\t\t\t\t\t\t<div class=\"wd-gallery-item wd-carousel-item\">\n\t\t\t\t\t\t\t\t\t\t\t\t\t<a  href=\"https:\/\/packoala.com\/wp-content\/uploads\/2025\/08\/image6.jpg\" data-width=\"1228\" data-height=\"1500\" data-index=\"1\" data-elementor-open-lightbox=\"no\">\n\t\t\t\t\t\t\n\t\t\t\t\t\t<img fetchpriority=\"high\" decoding=\"async\" width=\"1228\" height=\"1500\" src=\"https:\/\/packoala.com\/wp-content\/uploads\/2025\/08\/image6.jpg\" class=\"attachment-full size-full\" alt=\"image6\" srcset=\"https:\/\/packoala.com\/wp-content\/uploads\/2025\/08\/image6.jpg 1228w, https:\/\/packoala.com\/wp-content\/uploads\/2025\/08\/image6-246x300.jpg 246w, https:\/\/packoala.com\/wp-content\/uploads\/2025\/08\/image6-838x1024.jpg 838w, https:\/\/packoala.com\/wp-content\/uploads\/2025\/08\/image6-768x938.jpg 768w, https:\/\/packoala.com\/wp-content\/uploads\/2025\/08\/image6-10x12.jpg 10w, https:\/\/packoala.com\/wp-content\/uploads\/2025\/08\/image6-1200x1466.jpg 1200w, https:\/\/packoala.com\/wp-content\/uploads\/2025\/08\/image6-150x183.jpg 150w\" sizes=\"(max-width: 1228px) 100vw, 1228px\" \/>\n\t\t\t\t\t\t\t\t\t\t\t\t\t<\/a>\n\t\t\t\t\t\t\t\t\t\t\t<\/div>\n\t\t\t\t\t\t\t\t\t\t\t\t\t\t\t<div class=\"wd-gallery-item wd-carousel-item\">\n\t\t\t\t\t\t\t\t\t\t\t\t\t<a  href=\"https:\/\/packoala.com\/wp-content\/uploads\/2025\/08\/image5.jpg\" data-width=\"1000\" data-height=\"1500\" data-index=\"2\" data-elementor-open-lightbox=\"no\">\n\t\t\t\t\t\t\n\t\t\t\t\t\t<img decoding=\"async\" width=\"1000\" height=\"1500\" src=\"https:\/\/packoala.com\/wp-content\/uploads\/2025\/08\/image5.jpg\" class=\"attachment-full size-full\" alt=\"image5\" srcset=\"https:\/\/packoala.com\/wp-content\/uploads\/2025\/08\/image5.jpg 1000w, https:\/\/packoala.com\/wp-content\/uploads\/2025\/08\/image5-200x300.jpg 200w, https:\/\/packoala.com\/wp-content\/uploads\/2025\/08\/image5-683x1024.jpg 683w, https:\/\/packoala.com\/wp-content\/uploads\/2025\/08\/image5-768x1152.jpg 768w, https:\/\/packoala.com\/wp-content\/uploads\/2025\/08\/image5-8x12.jpg 8w, https:\/\/packoala.com\/wp-content\/uploads\/2025\/08\/image5-150x225.jpg 150w\" sizes=\"(max-width: 1000px) 100vw, 1000px\" \/>\n\t\t\t\t\t\t\t\t\t\t\t\t\t<\/a>\n\t\t\t\t\t\t\t\t\t\t\t<\/div>\n\t\t\t\t\t\t\t\t\t\t\t\t\t\t\t<div class=\"wd-gallery-item wd-carousel-item\">\n\t\t\t\t\t\t\t\t\t\t\t\t\t<a  href=\"https:\/\/packoala.com\/wp-content\/uploads\/2025\/04\/torba-scaled.webp\" data-width=\"2560\" data-height=\"2560\" data-index=\"3\" data-elementor-open-lightbox=\"no\">\n\t\t\t\t\t\t\n\t\t\t\t\t\t<img decoding=\"async\" width=\"2560\" height=\"2560\" src=\"https:\/\/packoala.com\/wp-content\/uploads\/2025\/04\/torba-scaled.webp\" class=\"attachment-full size-full\" alt=\"torba\" srcset=\"https:\/\/packoala.com\/wp-content\/uploads\/2025\/04\/torba-scaled.webp 2560w, https:\/\/packoala.com\/wp-content\/uploads\/2025\/04\/torba-300x300.webp 300w, https:\/\/packoala.com\/wp-content\/uploads\/2025\/04\/torba-1024x1024.webp 1024w, https:\/\/packoala.com\/wp-content\/uploads\/2025\/04\/torba-150x150.webp 150w, https:\/\/packoala.com\/wp-content\/uploads\/2025\/04\/torba-768x768.webp 768w, https:\/\/packoala.com\/wp-content\/uploads\/2025\/04\/torba-1536x1536.webp 1536w, https:\/\/packoala.com\/wp-content\/uploads\/2025\/04\/torba-2048x2048.webp 2048w, https:\/\/packoala.com\/wp-content\/uploads\/2025\/04\/torba-12x12.webp 12w, https:\/\/packoala.com\/wp-content\/uploads\/2025\/04\/torba-600x600.webp 600w, https:\/\/packoala.com\/wp-content\/uploads\/2025\/04\/torba-1200x1200.webp 1200w\" sizes=\"(max-width: 2560px) 100vw, 2560px\" \/>\n\t\t\t\t\t\t\t\t\t\t\t\t\t<\/a>\n\t\t\t\t\t\t\t\t\t\t\t<\/div>\n\t\t\t\t\t\t\t\t\t\t\t\t\t\t\t\t<\/div>\n\t\t\t\t\t\t\t\t<\/div>\n\t\t\t\t\t\t\t\t\t\t\t\t\t\t<div class=\"wd-nav-arrows wd-pos-sep wd-hover-1 wd-icon-1\">\n\t\t\t<div class=\"wd-btn-arrow wd-prev wd-disabled\">\n\t\t\t\t<div class=\"wd-arrow-inner\"><\/div>\n\t\t\t<\/div>\n\t\t\t<div class=\"wd-btn-arrow wd-next\">\n\t\t\t\t<div class=\"wd-arrow-inner\"><\/div>\n\t\t\t<\/div>\n\t\t<\/div>\n\t\t\t\t\t\t\n\t\t\t\t<\/div>\n\n\t\t\t\t\t\t<div class=\"wd-nav-pagin-wrap text-center wd-style-shape wd-hide-md-sm wd-hide-sm\">\n\t\t\t<ul class=\"wd-nav-pagin\"><\/ul>\n\t\t<\/div>\n\t\t\t\t\t\t\t\t\t\t\t<\/div>\n\t\t\t\t\t\t<\/div>\n\t\t\t\t<\/div>\n\t\t\t\t\t<\/div>\n\t\t\t\t<\/div>\n\t\t\t\t<\/div>","protected":false},"excerpt":{"rendered":"<p>\u2022 Packoala Kompostlanabilir Torbalar \u2013 Do\u011fayla Uyum \u0130\u00e7inde Temizlik!<\/p>\n<p>\u2022 100% Kompostlanabilir: Organik at\u0131klarla birlikte 6 ayda do\u011faya geri d\u00f6ner.<\/p>\n<p>\u2022 Dayan\u0131kl\u0131 ve S\u0131zd\u0131rmaz: G\u00fc\u00e7l\u00fc yap\u0131s\u0131 sayesinde y\u0131rt\u0131lmaya ve s\u0131zd\u0131rmaya kar\u015f\u0131 dayan\u0131kl\u0131d\u0131r.<\/p>\n<p>\u2022 Geri D\u00f6n\u00fc\u015f\u00fcm ve S\u0131f\u0131r At\u0131k Uyumlu: \u00c7evreye zarar vermeden at\u0131k y\u00f6netimini kolayla\u015ft\u0131r\u0131r.<\/p>","protected":false},"featured_media":1942,"comment_status":"open","ping_status":"closed","template":"","meta":[],"product_brand":[],"product_cat":[85],"product_tag":[],"class_list":{"0":"post-1573","1":"product","2":"type-product","3":"status-publish","4":"has-post-thumbnail","6":"product_cat-animal-poop-bag","8":"first","9":"instock","10":"taxable","11":"shipping-taxable","12":"purchasable","13":"product-type-variable"},"_links":{"self":[{"href":"https:\/\/packoala.com\/tr\/wp-json\/wp\/v2\/product\/1573","targetHints":{"allow":["GET"]}}],"collection":[{"href":"https:\/\/packoala.com\/tr\/wp-json\/wp\/v2\/product"}],"about":[{"href":"https:\/\/packoala.com\/tr\/wp-json\/wp\/v2\/types\/product"}],"replies":[{"embeddable":true,"href":"https:\/\/packoala.com\/tr\/wp-json\/wp\/v2\/comments?post=1573"}],"version-history":[{"count":5,"href":"https:\/\/packoala.com\/tr\/wp-json\/wp\/v2\/product\/1573\/revisions"}],"predecessor-version":[{"id":2061,"href":"https:\/\/packoala.com\/tr\/wp-json\/wp\/v2\/product\/1573\/revisions\/2061"}],"wp:featuredmedia":[{"embeddable":true,"href":"https:\/\/packoala.com\/tr\/wp-json\/wp\/v2\/media\/1942"}],"wp:attachment":[{"href":"https:\/\/packoala.com\/tr\/wp-json\/wp\/v2\/media?parent=1573"}],"wp:term":[{"taxonomy":"product_brand","embeddable":true,"href":"https:\/\/packoala.com\/tr\/wp-json\/wp\/v2\/product_brand?post=1573"},{"taxonomy":"product_cat","embeddable":true,"href":"https:\/\/packoala.com\/tr\/wp-json\/wp\/v2\/product_cat?post=1573"},{"taxonomy":"product_tag","embeddable":true,"href":"https:\/\/packoala.com\/tr\/wp-json\/wp\/v2\/product_tag?post=1573"}],"curies":[{"name":"wp","href":"https:\/\/api.w.org\/{rel}","templated":true}]}}