{"id":1578,"date":"2025-04-03T12:14:16","date_gmt":"2025-04-03T12:14:16","guid":{"rendered":"https:\/\/packoala.com\/?post_type=product&#038;p=1578"},"modified":"2026-04-08T14:09:56","modified_gmt":"2026-04-08T14:09:56","slug":"packoalafresh-bag-20-pcs","status":"publish","type":"product","link":"https:\/\/packoala.com\/tr\/urun\/packoalafresh-canta-20-adet\/","title":{"rendered":"PackoalaFresh (20 adet)"},"content":{"rendered":"<div data-elementor-type=\"wp-post\" data-elementor-id=\"1578\" class=\"elementor elementor-1578\" data-elementor-post-type=\"product\">\n\t\t\t\t<div class=\"wd-negative-gap elementor-element elementor-element-8162cae e-flex e-con-boxed e-con e-parent\" data-id=\"8162cae\" data-element_type=\"container\">\n\t\t\t\t\t<div class=\"e-con-inner\">\n\t\t\t\t<div class=\"elementor-element elementor-element-42f0cc1 wd-width-100 elementor-widget elementor-widget-wd_images_gallery\" data-id=\"42f0cc1\" data-element_type=\"widget\" data-widget_type=\"wd_images_gallery.default\">\n\t\t\t\t<div class=\"elementor-widget-container\">\n\t\t\t\t\t\t\t<div class=\"wd-images-gallery photoswipe-images wd-carousel-container\" style=\"--wd-align-items:center; --wd-justify-content:center;\">\n\t\t\t\t\t\t\t<div class=\"wd-carousel-inner\">\n\t\t\t\t\t\t<div class=\"wd-carousel wd-grid\" data-scroll_per_page=\"yes\" style=\"--wd-col-lg:4;--wd-col-md:4;--wd-col-sm:1;--wd-gap-lg:10px;\">\n\t\t\t\t\t\t\t\t\t<div class=\"wd-carousel-wrap\">\n\t\t\t\t\t\t\t\t\t\t\t\t\t\t\t\t\t\t<div class=\"wd-gallery-item wd-carousel-item\">\n\t\t\t\t\t\t\t\t\t\t\t\t\t<a  href=\"https:\/\/packoala.com\/wp-content\/uploads\/2025\/08\/image13.jpg\" data-width=\"1500\" data-height=\"1000\" data-index=\"1\" data-elementor-open-lightbox=\"no\">\n\t\t\t\t\t\t\n\t\t\t\t\t\t<img fetchpriority=\"high\" decoding=\"async\" width=\"1500\" height=\"1000\" src=\"https:\/\/packoala.com\/wp-content\/uploads\/2025\/08\/image13.jpg\" class=\"attachment-full size-full\" alt=\"resim13\" srcset=\"https:\/\/packoala.com\/wp-content\/uploads\/2025\/08\/image13.jpg 1500w, https:\/\/packoala.com\/wp-content\/uploads\/2025\/08\/image13-300x200.jpg 300w, https:\/\/packoala.com\/wp-content\/uploads\/2025\/08\/image13-1024x683.jpg 1024w, https:\/\/packoala.com\/wp-content\/uploads\/2025\/08\/image13-768x512.jpg 768w, https:\/\/packoala.com\/wp-content\/uploads\/2025\/08\/image13-18x12.jpg 18w, https:\/\/packoala.com\/wp-content\/uploads\/2025\/08\/image13-1200x800.jpg 1200w, https:\/\/packoala.com\/wp-content\/uploads\/2025\/08\/image13-150x100.jpg 150w\" sizes=\"(max-width: 1500px) 100vw, 1500px\" \/>\n\t\t\t\t\t\t\t\t\t\t\t\t\t<\/a>\n\t\t\t\t\t\t\t\t\t\t\t<\/div>\n\t\t\t\t\t\t\t\t\t\t\t\t\t\t\t<div class=\"wd-gallery-item wd-carousel-item\">\n\t\t\t\t\t\t\t\t\t\t\t\t\t<a  href=\"https:\/\/packoala.com\/wp-content\/uploads\/2025\/08\/image12.jpg\" data-width=\"1500\" data-height=\"1500\" data-index=\"2\" data-elementor-open-lightbox=\"no\">\n\t\t\t\t\t\t\n\t\t\t\t\t\t<img decoding=\"async\" width=\"1500\" height=\"1500\" src=\"https:\/\/packoala.com\/wp-content\/uploads\/2025\/08\/image12.jpg\" class=\"attachment-full size-full\" alt=\"Packoala Tasar\u0131mlar - 55\" srcset=\"https:\/\/packoala.com\/wp-content\/uploads\/2025\/08\/image12.jpg 1500w, https:\/\/packoala.com\/wp-content\/uploads\/2025\/08\/image12-300x300.jpg 300w, https:\/\/packoala.com\/wp-content\/uploads\/2025\/08\/image12-1024x1024.jpg 1024w, https:\/\/packoala.com\/wp-content\/uploads\/2025\/08\/image12-150x150.jpg 150w, https:\/\/packoala.com\/wp-content\/uploads\/2025\/08\/image12-768x768.jpg 768w, https:\/\/packoala.com\/wp-content\/uploads\/2025\/08\/image12-12x12.jpg 12w, https:\/\/packoala.com\/wp-content\/uploads\/2025\/08\/image12-600x600.jpg 600w, https:\/\/packoala.com\/wp-content\/uploads\/2025\/08\/image12-1200x1200.jpg 1200w\" sizes=\"(max-width: 1500px) 100vw, 1500px\" \/>\n\t\t\t\t\t\t\t\t\t\t\t\t\t<\/a>\n\t\t\t\t\t\t\t\t\t\t\t<\/div>\n\t\t\t\t\t\t\t\t\t\t\t\t\t\t\t<div class=\"wd-gallery-item wd-carousel-item\">\n\t\t\t\t\t\t\t\t\t\t\t\t\t<a  href=\"https:\/\/packoala.com\/wp-content\/uploads\/2025\/08\/image11.jpg\" data-width=\"1500\" data-height=\"1500\" data-index=\"3\" data-elementor-open-lightbox=\"no\">\n\t\t\t\t\t\t\n\t\t\t\t\t\t<img decoding=\"async\" width=\"1500\" height=\"1500\" src=\"https:\/\/packoala.com\/wp-content\/uploads\/2025\/08\/image11.jpg\" class=\"attachment-full size-full\" alt=\"resim11\" srcset=\"https:\/\/packoala.com\/wp-content\/uploads\/2025\/08\/image11.jpg 1500w, https:\/\/packoala.com\/wp-content\/uploads\/2025\/08\/image11-300x300.jpg 300w, https:\/\/packoala.com\/wp-content\/uploads\/2025\/08\/image11-1024x1024.jpg 1024w, https:\/\/packoala.com\/wp-content\/uploads\/2025\/08\/image11-150x150.jpg 150w, https:\/\/packoala.com\/wp-content\/uploads\/2025\/08\/image11-768x768.jpg 768w, https:\/\/packoala.com\/wp-content\/uploads\/2025\/08\/image11-12x12.jpg 12w, https:\/\/packoala.com\/wp-content\/uploads\/2025\/08\/image11-600x600.jpg 600w, https:\/\/packoala.com\/wp-content\/uploads\/2025\/08\/image11-1200x1200.jpg 1200w\" sizes=\"(max-width: 1500px) 100vw, 1500px\" \/>\n\t\t\t\t\t\t\t\t\t\t\t\t\t<\/a>\n\t\t\t\t\t\t\t\t\t\t\t<\/div>\n\t\t\t\t\t\t\t\t\t\t\t\t\t\t\t<div class=\"wd-gallery-item wd-carousel-item\">\n\t\t\t\t\t\t\t\t\t\t\t\t\t<a  href=\"https:\/\/packoala.com\/wp-content\/uploads\/2025\/04\/packoala-fresh.webp\" data-width=\"1600\" data-height=\"1600\" data-index=\"4\" data-elementor-open-lightbox=\"no\">\n\t\t\t\t\t\t\n\t\t\t\t\t\t<img loading=\"lazy\" decoding=\"async\" width=\"1600\" height=\"1600\" src=\"https:\/\/packoala.com\/wp-content\/uploads\/2025\/04\/packoala-fresh.webp\" class=\"attachment-full size-full\" alt=\"packoala taze\" srcset=\"https:\/\/packoala.com\/wp-content\/uploads\/2025\/04\/packoala-fresh.webp 1600w, https:\/\/packoala.com\/wp-content\/uploads\/2025\/04\/packoala-fresh-300x300.webp 300w, https:\/\/packoala.com\/wp-content\/uploads\/2025\/04\/packoala-fresh-1024x1024.webp 1024w, https:\/\/packoala.com\/wp-content\/uploads\/2025\/04\/packoala-fresh-150x150.webp 150w, https:\/\/packoala.com\/wp-content\/uploads\/2025\/04\/packoala-fresh-768x768.webp 768w, https:\/\/packoala.com\/wp-content\/uploads\/2025\/04\/packoala-fresh-1536x1536.webp 1536w, https:\/\/packoala.com\/wp-content\/uploads\/2025\/04\/packoala-fresh-12x12.webp 12w, https:\/\/packoala.com\/wp-content\/uploads\/2025\/04\/packoala-fresh-600x600.webp 600w, https:\/\/packoala.com\/wp-content\/uploads\/2025\/04\/packoala-fresh-1200x1200.webp 1200w\" sizes=\"(max-width: 1600px) 100vw, 1600px\" \/>\n\t\t\t\t\t\t\t\t\t\t\t\t\t<\/a>\n\t\t\t\t\t\t\t\t\t\t\t<\/div>\n\t\t\t\t\t\t\t\t\t\t\t\t\t\t\t\t<\/div>\n\t\t\t\t\t\t\t\t<\/div>\n\t\t\t\t\t\t\t\t\t\t\t\t\t\t<div class=\"wd-nav-arrows wd-pos-sep wd-hover-1 wd-icon-1\">\n\t\t\t<div class=\"wd-btn-arrow wd-prev wd-disabled\">\n\t\t\t\t<div class=\"wd-arrow-inner\"><\/div>\n\t\t\t<\/div>\n\t\t\t<div class=\"wd-btn-arrow wd-next\">\n\t\t\t\t<div class=\"wd-arrow-inner\"><\/div>\n\t\t\t<\/div>\n\t\t<\/div>\n\t\t\t\t\t\t\n\t\t\t\t<\/div>\n\n\t\t\t\t\t\t<div class=\"wd-nav-pagin-wrap text-center wd-style-shape wd-hide-md-sm wd-hide-sm\">\n\t\t\t<ul class=\"wd-nav-pagin\"><\/ul>\n\t\t<\/div>\n\t\t\t\t\t\t\t\t\t\t\t<\/div>\n\t\t\t\t\t\t<\/div>\n\t\t\t\t<\/div>\n\t\t\t\t\t<\/div>\n\t\t\t\t<\/div>\n\t\t\t\t<\/div>","protected":false},"excerpt":{"rendered":"<p>\u2022 PackoalaFresh ile Tazelik Daha Uzun S\u00fcre Yan\u0131n\u0131zda!<\/p>\n<p>\u2022 Longer Shelf Life &#8211; Increases the freshness of products up to 6 times.<\/p>\n<p>\u2022 G\u0131da \u0130sraf\u0131n\u0131 Azalt\u0131r \u2013 Daha az bozulma, daha fazla tasarruf.<\/p>\n<p>\u2022 Do\u011fal ve G\u00fcvenli \u2013 Kimyasal katk\u0131 maddesi i\u00e7ermez, g\u0131dan\u0131n do\u011fal yap\u0131s\u0131n\u0131 korur.<\/p>\n<p>\u2022 S\u00fcrd\u00fcr\u00fclebilir Ambalaj \u2013 \u00c7evre dostu malzemelerden \u00fcretilmi\u015ftir.<\/p>","protected":false},"featured_media":2431,"comment_status":"open","ping_status":"closed","template":"","meta":[],"product_brand":[],"product_cat":[88],"product_tag":[],"class_list":{"0":"post-1578","1":"product","2":"type-product","3":"status-publish","4":"has-post-thumbnail","6":"product_cat-packoalafresh","8":"first","9":"instock","10":"taxable","11":"shipping-taxable","12":"purchasable","13":"product-type-simple"},"_links":{"self":[{"href":"https:\/\/packoala.com\/tr\/wp-json\/wp\/v2\/product\/1578","targetHints":{"allow":["GET"]}}],"collection":[{"href":"https:\/\/packoala.com\/tr\/wp-json\/wp\/v2\/product"}],"about":[{"href":"https:\/\/packoala.com\/tr\/wp-json\/wp\/v2\/types\/product"}],"replies":[{"embeddable":true,"href":"https:\/\/packoala.com\/tr\/wp-json\/wp\/v2\/comments?post=1578"}],"version-history":[{"count":20,"href":"https:\/\/packoala.com\/tr\/wp-json\/wp\/v2\/product\/1578\/revisions"}],"predecessor-version":[{"id":2432,"href":"https:\/\/packoala.com\/tr\/wp-json\/wp\/v2\/product\/1578\/revisions\/2432"}],"wp:featuredmedia":[{"embeddable":true,"href":"https:\/\/packoala.com\/tr\/wp-json\/wp\/v2\/media\/2431"}],"wp:attachment":[{"href":"https:\/\/packoala.com\/tr\/wp-json\/wp\/v2\/media?parent=1578"}],"wp:term":[{"taxonomy":"product_brand","embeddable":true,"href":"https:\/\/packoala.com\/tr\/wp-json\/wp\/v2\/product_brand?post=1578"},{"taxonomy":"product_cat","embeddable":true,"href":"https:\/\/packoala.com\/tr\/wp-json\/wp\/v2\/product_cat?post=1578"},{"taxonomy":"product_tag","embeddable":true,"href":"https:\/\/packoala.com\/tr\/wp-json\/wp\/v2\/product_tag?post=1578"}],"curies":[{"name":"wp","href":"https:\/\/api.w.org\/{rel}","templated":true}]}}