{"id":1590,"date":"2025-04-03T12:15:37","date_gmt":"2025-04-03T12:15:37","guid":{"rendered":"https:\/\/packoala.com\/?post_type=product&#038;p=1590"},"modified":"2025-09-11T11:42:33","modified_gmt":"2025-09-11T11:42:33","slug":"biodegradable-straws","status":"publish","type":"product","link":"https:\/\/packoala.com\/tr\/urun\/biyolojik-olarak-parcalanabilen-pipetler\/","title":{"rendered":"Biyolojik par\u00e7alanabilir pipetler"},"content":{"rendered":"<div data-elementor-type=\"wp-post\" data-elementor-id=\"1590\" class=\"elementor elementor-1590\" data-elementor-post-type=\"product\">\n\t\t\t\t<div class=\"wd-negative-gap elementor-element elementor-element-810f158 e-flex e-con-boxed e-con e-parent\" data-id=\"810f158\" data-element_type=\"container\">\n\t\t\t\t\t<div class=\"e-con-inner\">\n\t\t\t\t<div class=\"elementor-element elementor-element-7c589ac wd-width-100 elementor-widget elementor-widget-wd_images_gallery\" data-id=\"7c589ac\" data-element_type=\"widget\" data-widget_type=\"wd_images_gallery.default\">\n\t\t\t\t<div class=\"elementor-widget-container\">\n\t\t\t\t\t\t\t<div class=\"wd-images-gallery photoswipe-images wd-carousel-container\" style=\"--wd-align-items:center; --wd-justify-content:center;\">\n\t\t\t\t\t\t\t<div class=\"wd-carousel-inner\">\n\t\t\t\t\t\t<div class=\"wd-carousel wd-grid\" data-scroll_per_page=\"yes\" style=\"--wd-col-lg:4;--wd-col-md:4;--wd-col-sm:1;--wd-gap-lg:10px;\">\n\t\t\t\t\t\t\t\t\t<div class=\"wd-carousel-wrap\">\n\t\t\t\t\t\t\t\t\t\t\t\t\t\t\t\t\t\t<div class=\"wd-gallery-item wd-carousel-item\">\n\t\t\t\t\t\t\t\t\t\t\t\t\t<a  href=\"https:\/\/packoala.com\/wp-content\/uploads\/2025\/08\/image9.jpg\" data-width=\"1125\" data-height=\"1500\" data-index=\"1\" data-elementor-open-lightbox=\"no\">\n\t\t\t\t\t\t\n\t\t\t\t\t\t<img fetchpriority=\"high\" decoding=\"async\" width=\"1125\" height=\"1500\" src=\"https:\/\/packoala.com\/wp-content\/uploads\/2025\/08\/image9.jpg\" class=\"attachment-full size-full\" alt=\"resim9\" srcset=\"https:\/\/packoala.com\/wp-content\/uploads\/2025\/08\/image9.jpg 1125w, https:\/\/packoala.com\/wp-content\/uploads\/2025\/08\/image9-225x300.jpg 225w, https:\/\/packoala.com\/wp-content\/uploads\/2025\/08\/image9-768x1024.jpg 768w, https:\/\/packoala.com\/wp-content\/uploads\/2025\/08\/image9-9x12.jpg 9w, https:\/\/packoala.com\/wp-content\/uploads\/2025\/08\/image9-150x200.jpg 150w\" sizes=\"(max-width: 1125px) 100vw, 1125px\" \/>\n\t\t\t\t\t\t\t\t\t\t\t\t\t<\/a>\n\t\t\t\t\t\t\t\t\t\t\t<\/div>\n\t\t\t\t\t\t\t\t\t\t\t\t\t\t\t<div class=\"wd-gallery-item wd-carousel-item\">\n\t\t\t\t\t\t\t\t\t\t\t\t\t<a  href=\"https:\/\/packoala.com\/wp-content\/uploads\/2025\/08\/image10.jpg\" data-width=\"1125\" data-height=\"1500\" data-index=\"2\" data-elementor-open-lightbox=\"no\">\n\t\t\t\t\t\t\n\t\t\t\t\t\t<img decoding=\"async\" width=\"1125\" height=\"1500\" src=\"https:\/\/packoala.com\/wp-content\/uploads\/2025\/08\/image10.jpg\" class=\"attachment-full size-full\" alt=\"resim10\" srcset=\"https:\/\/packoala.com\/wp-content\/uploads\/2025\/08\/image10.jpg 1125w, https:\/\/packoala.com\/wp-content\/uploads\/2025\/08\/image10-225x300.jpg 225w, https:\/\/packoala.com\/wp-content\/uploads\/2025\/08\/image10-768x1024.jpg 768w, https:\/\/packoala.com\/wp-content\/uploads\/2025\/08\/image10-9x12.jpg 9w, https:\/\/packoala.com\/wp-content\/uploads\/2025\/08\/image10-150x200.jpg 150w\" sizes=\"(max-width: 1125px) 100vw, 1125px\" \/>\n\t\t\t\t\t\t\t\t\t\t\t\t\t<\/a>\n\t\t\t\t\t\t\t\t\t\t\t<\/div>\n\t\t\t\t\t\t\t\t\t\t\t\t\t\t\t<div class=\"wd-gallery-item wd-carousel-item\">\n\t\t\t\t\t\t\t\t\t\t\t\t\t<a  href=\"https:\/\/packoala.com\/wp-content\/uploads\/2025\/08\/image8.jpg\" data-width=\"1125\" data-height=\"1500\" data-index=\"3\" data-elementor-open-lightbox=\"no\">\n\t\t\t\t\t\t\n\t\t\t\t\t\t<img decoding=\"async\" width=\"1125\" height=\"1500\" src=\"https:\/\/packoala.com\/wp-content\/uploads\/2025\/08\/image8.jpg\" class=\"attachment-full size-full\" alt=\"resim8\" srcset=\"https:\/\/packoala.com\/wp-content\/uploads\/2025\/08\/image8.jpg 1125w, https:\/\/packoala.com\/wp-content\/uploads\/2025\/08\/image8-225x300.jpg 225w, https:\/\/packoala.com\/wp-content\/uploads\/2025\/08\/image8-768x1024.jpg 768w, https:\/\/packoala.com\/wp-content\/uploads\/2025\/08\/image8-9x12.jpg 9w, https:\/\/packoala.com\/wp-content\/uploads\/2025\/08\/image8-150x200.jpg 150w\" sizes=\"(max-width: 1125px) 100vw, 1125px\" \/>\n\t\t\t\t\t\t\t\t\t\t\t\t\t<\/a>\n\t\t\t\t\t\t\t\t\t\t\t<\/div>\n\t\t\t\t\t\t\t\t\t\t\t\t\t\t\t<div class=\"wd-gallery-item wd-carousel-item\">\n\t\t\t\t\t\t\t\t\t\t\t\t\t<a  href=\"https:\/\/packoala.com\/wp-content\/uploads\/2025\/08\/image7.jpg\" data-width=\"1500\" data-height=\"1336\" data-index=\"4\" data-elementor-open-lightbox=\"no\">\n\t\t\t\t\t\t\n\t\t\t\t\t\t<img loading=\"lazy\" decoding=\"async\" width=\"1500\" height=\"1336\" src=\"https:\/\/packoala.com\/wp-content\/uploads\/2025\/08\/image7.jpg\" class=\"attachment-full size-full\" alt=\"resim7\" srcset=\"https:\/\/packoala.com\/wp-content\/uploads\/2025\/08\/image7.jpg 1500w, https:\/\/packoala.com\/wp-content\/uploads\/2025\/08\/image7-300x267.jpg 300w, https:\/\/packoala.com\/wp-content\/uploads\/2025\/08\/image7-1024x912.jpg 1024w, https:\/\/packoala.com\/wp-content\/uploads\/2025\/08\/image7-768x684.jpg 768w, https:\/\/packoala.com\/wp-content\/uploads\/2025\/08\/image7-13x12.jpg 13w, https:\/\/packoala.com\/wp-content\/uploads\/2025\/08\/image7-1200x1069.jpg 1200w, https:\/\/packoala.com\/wp-content\/uploads\/2025\/08\/image7-150x134.jpg 150w\" sizes=\"(max-width: 1500px) 100vw, 1500px\" \/>\n\t\t\t\t\t\t\t\t\t\t\t\t\t<\/a>\n\t\t\t\t\t\t\t\t\t\t\t<\/div>\n\t\t\t\t\t\t\t\t\t\t\t\t\t\t\t\t<\/div>\n\t\t\t\t\t\t\t\t<\/div>\n\t\t\t\t\t\t\t\t\t\t\t\t\t\t<div class=\"wd-nav-arrows wd-pos-sep wd-hover-1 wd-icon-1\">\n\t\t\t<div class=\"wd-btn-arrow wd-prev wd-disabled\">\n\t\t\t\t<div class=\"wd-arrow-inner\"><\/div>\n\t\t\t<\/div>\n\t\t\t<div class=\"wd-btn-arrow wd-next\">\n\t\t\t\t<div class=\"wd-arrow-inner\"><\/div>\n\t\t\t<\/div>\n\t\t<\/div>\n\t\t\t\t\t\t\n\t\t\t\t<\/div>\n\n\t\t\t\t\t\t<div class=\"wd-nav-pagin-wrap text-center wd-style-shape wd-hide-md-sm wd-hide-sm\">\n\t\t\t<ul class=\"wd-nav-pagin\"><\/ul>\n\t\t<\/div>\n\t\t\t\t\t\t\t\t\t\t\t<\/div>\n\t\t\t\t\t\t<\/div>\n\t\t\t\t<\/div>\n\t\t\t\t\t<\/div>\n\t\t\t\t<\/div>\n\t\t\t\t<\/div>","protected":false},"excerpt":{"rendered":"<p>\u2022 Packoala Biyobozunur Pipet: \u00c7evre Dostu Se\u00e7iminiz!<\/p>\n<p>\u2022 Tamamen biyolojik olarak par\u00e7alanabilir ve kompostlanabilir.<\/p>\n<p>\u2022 Plasti\u011fe sa\u011fl\u0131kl\u0131 ve s\u00fcrd\u00fcr\u00fclebilir bir alternatif.<\/p>\n<p>\u2022 Dayan\u0131kl\u0131 ve kullan\u0131m\u0131 g\u00fcvenlidir, g\u0131da ile temasa uygundur.<\/p>\n<p>\u2022 Kafeler, restoranlar, etkinlikler ve g\u00fcnl\u00fck kullan\u0131m i\u00e7in idealdir.<\/p>","protected":false},"featured_media":1938,"comment_status":"open","ping_status":"closed","template":"","meta":[],"product_brand":[],"product_cat":[86],"product_tag":[],"class_list":{"0":"post-1590","1":"product","2":"type-product","3":"status-publish","4":"has-post-thumbnail","6":"product_cat-biodegradable-straws","8":"first","9":"instock","10":"taxable","11":"shipping-taxable","12":"purchasable","13":"product-type-variable"},"_links":{"self":[{"href":"https:\/\/packoala.com\/tr\/wp-json\/wp\/v2\/product\/1590","targetHints":{"allow":["GET"]}}],"collection":[{"href":"https:\/\/packoala.com\/tr\/wp-json\/wp\/v2\/product"}],"about":[{"href":"https:\/\/packoala.com\/tr\/wp-json\/wp\/v2\/types\/product"}],"replies":[{"embeddable":true,"href":"https:\/\/packoala.com\/tr\/wp-json\/wp\/v2\/comments?post=1590"}],"version-history":[{"count":15,"href":"https:\/\/packoala.com\/tr\/wp-json\/wp\/v2\/product\/1590\/revisions"}],"predecessor-version":[{"id":2059,"href":"https:\/\/packoala.com\/tr\/wp-json\/wp\/v2\/product\/1590\/revisions\/2059"}],"wp:featuredmedia":[{"embeddable":true,"href":"https:\/\/packoala.com\/tr\/wp-json\/wp\/v2\/media\/1938"}],"wp:attachment":[{"href":"https:\/\/packoala.com\/tr\/wp-json\/wp\/v2\/media?parent=1590"}],"wp:term":[{"taxonomy":"product_brand","embeddable":true,"href":"https:\/\/packoala.com\/tr\/wp-json\/wp\/v2\/product_brand?post=1590"},{"taxonomy":"product_cat","embeddable":true,"href":"https:\/\/packoala.com\/tr\/wp-json\/wp\/v2\/product_cat?post=1590"},{"taxonomy":"product_tag","embeddable":true,"href":"https:\/\/packoala.com\/tr\/wp-json\/wp\/v2\/product_tag?post=1590"}],"curies":[{"name":"wp","href":"https:\/\/api.w.org\/{rel}","templated":true}]}}